{"id":1320,"date":"2025-04-03T17:23:48","date_gmt":"2025-04-03T10:23:48","guid":{"rendered":"https:\/\/thanhthanhlogistics.com\/?page_id=1320"},"modified":"2025-04-03T17:25:54","modified_gmt":"2025-04-03T10:25:54","slug":"planning-fair","status":"publish","type":"page","link":"https:\/\/thanhthanhlogistics.com\/ja\/planning-fair\/","title":{"rendered":"K\u1ebf Ho\u1ea1ch H\u1ed9i Ch\u1ee3"},"content":{"rendered":"<p style=\"text-align: center;\"><span style=\"font-size: 36px;\"><strong>K\u1ebf Ho\u1ea1ch Bu\u00f4n B\u00e1n H\u1ed9i Ch\u1ee3<\/strong><\/span><\/p>\n<h1><strong>I. Chu\u1ea9n b\u1ecb tr\u01b0\u1edbc h\u1ed9i ch\u1ee3 (7 ng\u00e0y)<\/strong><\/h1>\n<h3><strong>\ud83d\udd39<\/strong><strong> Nh\u00e2n s\u1ef1 &amp; Ph\u00e2n c\u00f4ng<\/strong><\/h3>\n<ul>\n<li><strong>Nh\u00e2n s\u1ef1 tr\u1ef1c b\u00e1n<\/strong>: Long, B\u1eb1ng, Ph\u01b0\u01a1ng<\/li>\n<li><strong>Nh\u00e2n s\u1ef1 thu ng\u00e2n<\/strong>: T\u00e0i, Long, B\u1eb1ng, Ph\u01b0\u01a1ng<\/li>\n<li><strong>Ph\u1ee5 tr\u00e1ch h\u00e0ng h\u00f3a<\/strong>: B\u1eb1ng<\/li>\n<li><strong>K\u1ec7, b\u00e0n, ph\u01b0\u01a1ng ti\u1ec7n di chuy\u1ec3n<\/strong>: A. \u0110\u1ee9c<\/li>\n<li><strong>H\u1ed7 tr\u1ee3 setup, v\u1eadn chuy\u1ec3n, d\u1ecdn d\u1eb9p:<\/strong> ch\u00fa M\u00f2ng, ch\u00fa Chi\u1ebfn<\/li>\n<li><strong>L\u00ean gi\u00e1 s\u1ea3n ph\u1ea9m<\/strong>: Ph\u01b0\u01a1ng<\/li>\n<li><strong>Thi\u1ebft b\u1ecb h\u1ed9i ch\u1ee3 (m\u00e1y in bill, \u0111\u00e8n, gh\u1ebf, banner, qu\u1ea1t, v.v.)<\/strong>: T\u00e0i<\/li>\n<li><strong>D\u1ee5ng c\u1ee5 c\u00e1 nh\u00e2n &amp; supply (t\u00fai \u0111\u1ef1ng h\u00e0ng, gi\u1ea5y g\u00f3i, k\u00e9o, b\u0103ng keo, s\u1ed5 ghi ch\u00e9p)<\/strong>: Long<\/li>\n<\/ul>\n<h3><strong>\ud83d\udd39<\/strong><strong> Chu\u1ea9n b\u1ecb h\u00e0ng h\u00f3a<\/strong><\/h3>\n<p>\u2705 <strong>Danh s\u00e1ch s\u1ea3n ph\u1ea9m<\/strong><\/p>\n<ul>\n<li>C\u00e1c s\u1ea3n ph\u1ea9m ch\u00ednh b\u00e1n t\u1ea1i h\u1ed9i ch\u1ee3 (20 \u2013 50 m\u00e3 t\u00f9y quy m\u00f4 h\u1ed9i ch\u1ee3)<\/li>\n<li>C\u00e1c s\u1ea3n ph\u1ea9m khuy\u1ebfn m\u00e3i k\u00e8m theo<\/li>\n<li>Voucher gi\u1ea3m gi\u00e1, qu\u00e0 t\u1eb7ng \u0111\u1eb7c tr\u01b0ng<\/li>\n<\/ul>\n<p>\u2705 <strong>S\u1eafp x\u1ebfp h\u00e0ng h\u00f3a<\/strong><\/p>\n<ul>\n<li>So\u1ea1n h\u00e0ng v\u00e0 d\u00e1n tem nh\u00e3n t\u1eebng s\u1ea3n ph\u1ea9m<\/li>\n<li>S\u1eafp x\u1ebfp v\u00e0o th\u00f9ng, ghi ch\u00fa lo\u1ea1i s\u1ea3n ph\u1ea9m<\/li>\n<li>Ph\u00e2n chia h\u00e0ng h\u00f3a d\u1ec5 l\u1ea5y khi b\u00e1n<\/li>\n<\/ul>\n<p>\u2705 <strong>Chu\u1ea9n b\u1ecb thi\u1ebft b\u1ecb &amp; v\u1eadt t\u01b0<\/strong><\/p>\n<ul>\n<li>M\u00e1y in bill, m\u00e1y qu\u00e9t m\u00e3 QR, ti\u1ec1n l\u1ebb<\/li>\n<li>T\u00fai \u0111\u1ef1ng h\u00e0ng, gi\u1ea5y g\u00f3i, sticker logo<\/li>\n<li>Banner, standee, b\u1ea3ng gi\u00e1 ni\u00eam y\u1ebft<\/li>\n<li>B\u00e0n gh\u1ebf, k\u1ec7 tr\u01b0ng b\u00e0y s\u1ea3n ph\u1ea9m<\/li>\n<li>\u0110\u00e8n chi\u1ebfu s\u00e1ng, qu\u1ea1t nh\u1ecf (n\u1ebfu c\u1ea7n)<\/li>\n<li>V\u00f2ng quay may m\u1eafn, xe \u0111\u1ea9y h\u00e0ng<\/li>\n<\/ul>\n<p>\u2705 <strong>V\u1eadn chuy\u1ec3n h\u00e0ng h\u00f3a<\/strong><\/p>\n<ul>\n<li>Ki\u1ec3m tra ph\u01b0\u01a1ng ti\u1ec7n di chuy\u1ec3n<\/li>\n<li>X\u1ebfp h\u00e0ng l\u00ean xe \u0111\u1ea3m b\u1ea3o an to\u00e0n<\/li>\n<\/ul>\n<h3>\ud83d\udd39 <strong>Chi\u1ec1u Th\u1ee9 6 (16:00 &#8211; 20:00) &#8211; Setup Gian H\u00e0ng<\/strong><\/h3>\n<ul data-start=\"778\" data-end=\"1078\">\n<li data-start=\"778\" data-end=\"843\"><strong data-start=\"780\" data-end=\"797\">16:00 &#8211; 16:30<\/strong>: V\u1eadn chuy\u1ec3n h\u00e0ng h\u00f3a &amp; thi\u1ebft b\u1ecb \u0111\u1ebfn h\u1ed9i ch\u1ee3<\/li>\n<li data-start=\"844\" data-end=\"920\"><strong data-start=\"846\" data-end=\"863\">16:30 &#8211; 17:30<\/strong>: Set up gian h\u00e0ng (l\u1eafp k\u1ec7, b\u00e0n, treo banner, b\u1ea3ng gi\u00e1)<\/li>\n<li data-start=\"921\" data-end=\"987\"><strong data-start=\"923\" data-end=\"940\">17:30 &#8211; 19:30<\/strong>: S\u1eafp x\u1ebfp h\u00e0ng h\u00f3a l\u00ean k\u1ec7, tr\u01b0ng b\u00e0y s\u1ea3n ph\u1ea9m<\/li>\n<li data-start=\"988\" data-end=\"1078\"><strong data-start=\"990\" data-end=\"1007\">19:30 &#8211; 20:00<\/strong>: Ki\u1ec3m tra l\u1ea1i to\u00e0n b\u1ed9 gian h\u00e0ng, ch\u1ed1t danh s\u00e1ch c\u1ea7n b\u1ed5 sung (n\u1ebfu c\u00f3)<\/li>\n<\/ul>\n<h1><strong>II. Ng\u00e0y H\u1ed9i Ch\u1ee3 (Th\u1ee9 7 &amp; Ch\u1ee7 Nh\u1eadt)<\/strong><\/h1>\n<h3>\ud83c\udfea <strong data-start=\"1137\" data-end=\"1165\">Bu\u1ed5i s\u00e1ng (7:00 &#8211; 10:00)<\/strong><\/h3>\n<ul data-start=\"1166\" data-end=\"1389\">\n<li data-start=\"1166\" data-end=\"1222\"><strong data-start=\"1168\" data-end=\"1185\">07:00 &#8211; 08:00<\/strong>: \u0110\u1ebfn gian h\u00e0ng, ki\u1ec3m tra l\u1ea1i setup<\/li>\n<li data-start=\"1223\" data-end=\"1308\"><strong data-start=\"1225\" data-end=\"1242\">08:00 &#8211; 09:30<\/strong>: Ho\u00e0n thi\u1ec7n c\u00e1c chi ti\u1ebft cu\u1ed1i, chu\u1ea9n b\u1ecb ch\u01b0\u01a1ng tr\u00ecnh khuy\u1ebfn m\u00e3i<\/li>\n<li data-start=\"1309\" data-end=\"1389\"><strong data-start=\"1311\" data-end=\"1328\">09:30 &#8211; 10:00<\/strong>: Check l\u1ea1i thi\u1ebft b\u1ecb, ph\u00e2n c\u00f4ng nh\u00e2n s\u1ef1, s\u1eb5n s\u00e0ng \u0111\u00f3n kh\u00e1ch<\/li>\n<\/ul>\n<h3><strong>\ud83c\udf89<\/strong><strong> Gi\u1edd cao \u0111i\u1ec3m b\u00e1n h\u00e0ng (10:00 \u2013 20:00)<\/strong><\/h3>\n<ul>\n<li><strong>10:00 &#8211; 12:00<\/strong>: B\u00e1n h\u00e0ng, t\u01b0 v\u1ea5n, ch\u00e0o m\u1eddi kh\u00e1ch<\/li>\n<li><strong>12:00 &#8211; 13:00<\/strong>: Ngh\u1ec9 tr\u01b0a lu\u00e2n phi\u00ean, ki\u1ec3m tra t\u1ed3n kho<\/li>\n<li><strong>13:00 &#8211; 20:00<\/strong>: Ti\u1ebfp t\u1ee5c b\u00e1n h\u00e0ng, gi\u1edbi thi\u1ec7u ch\u01b0\u01a1ng tr\u00ecnh khuy\u1ebfn m\u00e3i<\/li>\n<\/ul>\n<h3><strong>\ud83c\udf81<\/strong><strong> Ho\u1ea1t \u0111\u1ed9ng thu h\u00fat kh\u00e1ch<\/strong><\/h3>\n<ul>\n<li><strong>V\u00f2ng quay may m\u1eafn<\/strong>: Kh\u00e1ch mua h\u00e0ng s\u1ebd \u0111\u01b0\u1ee3c quay \u0111\u1ec3 tr\u00fang qu\u00e0<\/li>\n<li><strong>T\u1eb7ng qu\u00e0 \u0111\u1eb7c tr\u01b0ng Rokuhachi Mart<\/strong>: Voucher, sample s\u1ea3n ph\u1ea9m<\/li>\n<\/ul>\n<h3><strong>\ud83c\udf19<\/strong><strong> K\u1ebft th\u00fac ng\u00e0y h\u1ed9i ch\u1ee3 (18:00 &#8211; 22:00)<\/strong><\/h3>\n<ul>\n<li><strong>20:00 &#8211; 21:30<\/strong>: T\u1ed5ng k\u1ebft h\u00e0ng h\u00f3a, d\u1ecdn d\u1eb9p gian h\u00e0ng.<\/li>\n<li><strong>21:30 \u2013 22:00<\/strong>: Di chuy\u1ec3n v\u1ec1 ngh\u1ec9 ng\u01a1i<\/li>\n<\/ul>\n<h1><strong>III. Sau H\u1ed9i Ch\u1ee3 (Th\u1ee9 Hai)<\/strong><\/h1>\n<ul>\n<li>Ki\u1ec3m k\u00ea h\u00e0ng h\u00f3a c\u00f2n l\u1ea1i<\/li>\n<li>T\u1ed5ng h\u1ee3p doanh thu, \u0111\u00e1nh gi\u00e1 k\u1ebft qu\u1ea3 b\u00e1n h\u00e0ng<\/li>\n<li>H\u1ecdp t\u1ed5ng k\u1ebft r\u00fat kinh nghi\u1ec7m<\/li>\n<\/ul>\n<p><strong>\u00a0<\/strong><\/p>","protected":false},"excerpt":{"rendered":"K\u1ebf Ho\u1ea1ch Bu\u00f4n B\u00e1n H\u1ed9i Ch\u1ee3 I. Chu\u1ea9n b\u1ecb tr\u01b0\u1edbc h\u1ed9i ch\u1ee3 (7 ng\u00e0y) \ud83d\udd39 Nh\u00e2n s\u1ef1 &amp; Ph\u00e2n c\u00f4ng Nh\u00e2n s\u1ef1 tr\u1ef1c b\u00e1n: Long, B\u1eb1ng, Ph\u01b0\u01a1ng Nh\u00e2n s\u1ef1 thu ng\u00e2n: T\u00e0i, Long, B\u1eb1ng, Ph\u01b0\u01a1ng Ph\u1ee5 tr\u00e1ch h\u00e0ng h\u00f3a: B\u1eb1ng K\u1ec7, b\u00e0n, ph\u01b0\u01a1ng ti\u1ec7n di chuy\u1ec3n: A. \u0110\u1ee9c H\u1ed7 tr\u1ee3 setup, v\u1eadn chuy\u1ec3n, d\u1ecdn d\u1eb9p: ch\u00fa M\u00f2ng, ch\u00fa Chi\u1ebfn L\u00ean gi\u00e1 s\u1ea3n ph\u1ea9m: Ph\u01b0\u01a1ng Thi\u1ebft b\u1ecb h\u1ed9i ch\u1ee3 (m\u00e1y in bill, \u0111\u00e8n, gh\u1ebf, banner, qu\u1ea1t, v.v.): T\u00e0i D\u1ee5ng c\u1ee5 c\u00e1 nh\u00e2n &amp; supply (t\u00fai \u0111\u1ef1ng h\u00e0ng, gi\u1ea5y g\u00f3i, k\u00e9o, b\u0103ng keo, s\u1ed5 ghi ch\u00e9p): Long \ud83d\udd39 Chu\u1ea9n b\u1ecb h\u00e0ng h\u00f3a...","protected":false},"author":1,"featured_media":0,"parent":0,"menu_order":0,"comment_status":"closed","ping_status":"closed","template":"","meta":{"footnotes":""},"class_list":["post-1320","page","type-page","status-publish","hentry"],"_links":{"self":[{"href":"https:\/\/thanhthanhlogistics.com\/ja\/wp-json\/wp\/v2\/pages\/1320","targetHints":{"allow":["GET"]}}],"collection":[{"href":"https:\/\/thanhthanhlogistics.com\/ja\/wp-json\/wp\/v2\/pages"}],"about":[{"href":"https:\/\/thanhthanhlogistics.com\/ja\/wp-json\/wp\/v2\/types\/page"}],"author":[{"embeddable":true,"href":"https:\/\/thanhthanhlogistics.com\/ja\/wp-json\/wp\/v2\/users\/1"}],"replies":[{"embeddable":true,"href":"https:\/\/thanhthanhlogistics.com\/ja\/wp-json\/wp\/v2\/comments?post=1320"}],"version-history":[{"count":3,"href":"https:\/\/thanhthanhlogistics.com\/ja\/wp-json\/wp\/v2\/pages\/1320\/revisions"}],"predecessor-version":[{"id":1322,"href":"https:\/\/thanhthanhlogistics.com\/ja\/wp-json\/wp\/v2\/pages\/1320\/revisions\/1322"}],"wp:attachment":[{"href":"https:\/\/thanhthanhlogistics.com\/ja\/wp-json\/wp\/v2\/media?parent=1320"}],"curies":[{"name":"wp","href":"https:\/\/api.w.org\/{rel}","templated":true}]}}